{"id":1388,"date":"2022-05-03T19:23:00","date_gmt":"2022-05-03T19:23:00","guid":{"rendered":"https:\/\/calyane.com\/produit\/lizotte-joue-lizotte\/"},"modified":"2022-05-03T19:28:29","modified_gmt":"2022-05-03T19:28:29","slug":"lizotte-plays-lizotte","status":"publish","type":"product","link":"https:\/\/calyane.com\/en\/produit\/lizotte-plays-lizotte\/","title":{"rendered":"Lizotte Plays Lizotte"},"content":{"rendered":"<p>CD + Download:<br \/>\nCD + 24-page bilingual Deluxe Booklet with silver foil and numbered origami slipcase<br \/>\n+ Digital download + Digital booklet in pdf format<\/p>\n<p>Download:<br \/>\nDigital download + Digital booklet in pdf format<\/p>\n<p>The Deluxe CD album includes a cover adorned with silver hot foil, a 24-page bilingual booklet with fold-out middle pages and a numbered origami slipcase.<\/p>\n<p>Caroline Lizotte gives us her interpretation of some of her most famous works: Raga for two harps, Suite Galactique for solo harp, La Madone berceuse for solo harp, as well as two world premiere recordings, Odyss\u00e9e for solo harp and Stellar Sonata for electroacoustic harp.<\/p>\n","protected":false},"excerpt":{"rendered":"<p>CD + T\u00e9l\u00e9chargement :<br \/>\nCD + Livret Deluxe bilingue 24 pages avec dorure argent\u00e9e et \u00e9tui origami num\u00e9rot\u00e9<br \/>\n+ T\u00e9l\u00e9chargement num\u00e9rique + Livret num\u00e9rique en format pdf<\/p>\n<p>T\u00e9l\u00e9chargement:<br \/>\nT\u00e9l\u00e9chargement num\u00e9rique<br \/>\n+ Livret num\u00e9rique en format pdf<\/p>\n","protected":false},"featured_media":1381,"comment_status":"open","ping_status":"closed","template":"","meta":{"_et_pb_use_builder":"","_et_pb_old_content":"","_et_gb_content_width":""},"pwb-brand":[],"product_brand":[],"product_cat":[76],"product_tag":[],"class_list":{"0":"post-1388","1":"product","2":"type-product","3":"status-publish","4":"has-post-thumbnail","6":"product_cat-albums-en","8":"first","9":"instock","10":"taxable","11":"shipping-taxable","12":"purchasable","13":"product-type-simple"},"yoast_head":"<!-- This site is optimized with the Yoast SEO plugin v27.1.1 - https:\/\/yoast.com\/product\/yoast-seo-wordpress\/ -->\n<title>Lizotte Plays Lizotte - Caroline<\/title>\n<meta name=\"robots\" content=\"index, follow, max-snippet:-1, max-image-preview:large, max-video-preview:-1\" \/>\n<link rel=\"canonical\" href=\"https:\/\/violet-otter-833665.hostingersite.com\/produit\/lizotte-plays-lizotte\/\" \/>\n<meta property=\"og:locale\" content=\"en_US\" \/>\n<meta property=\"og:type\" content=\"article\" \/>\n<meta property=\"og:title\" content=\"Lizotte Plays Lizotte - Caroline\" \/>\n<meta property=\"og:description\" content=\"CD + T\u00e9l\u00e9chargement : CD + Livret Deluxe bilingue 24 pages avec dorure argent\u00e9e et \u00e9tui origami num\u00e9rot\u00e9 + T\u00e9l\u00e9chargement num\u00e9rique + Livret num\u00e9rique en format pdf  T\u00e9l\u00e9chargement: T\u00e9l\u00e9chargement num\u00e9rique + Livret num\u00e9rique en format pdf\" \/>\n<meta property=\"og:url\" content=\"https:\/\/violet-otter-833665.hostingersite.com\/produit\/lizotte-plays-lizotte\/\" \/>\n<meta property=\"og:site_name\" content=\"Caroline\" \/>\n<meta property=\"article:publisher\" content=\"https:\/\/www.facebook.com\/CarolineLizotteHarpist\" \/>\n<meta property=\"article:modified_time\" content=\"2022-05-03T19:28:29+00:00\" \/>\n<meta property=\"og:image\" content=\"http:\/\/violet-otter-833665.hostingersite.com\/wp-content\/uploads\/2022\/05\/album_cover.jpg\" \/>\n\t<meta property=\"og:image:width\" content=\"1000\" \/>\n\t<meta property=\"og:image:height\" content=\"1000\" \/>\n\t<meta property=\"og:image:type\" content=\"image\/jpeg\" \/>\n<meta name=\"twitter:card\" content=\"summary_large_image\" \/>\n<meta name=\"twitter:label1\" content=\"Est. reading time\" \/>\n\t<meta name=\"twitter:data1\" content=\"1 minute\" \/>\n<script type=\"application\/ld+json\" class=\"yoast-schema-graph\">{\"@context\":\"https:\/\/schema.org\",\"@graph\":[{\"@type\":\"WebPage\",\"@id\":\"https:\/\/violet-otter-833665.hostingersite.com\/produit\/lizotte-plays-lizotte\/\",\"url\":\"https:\/\/violet-otter-833665.hostingersite.com\/produit\/lizotte-plays-lizotte\/\",\"name\":\"Lizotte Plays Lizotte - Caroline\",\"isPartOf\":{\"@id\":\"https:\/\/violet-otter-833665.hostingersite.com\/en\/#website\"},\"primaryImageOfPage\":{\"@id\":\"https:\/\/violet-otter-833665.hostingersite.com\/produit\/lizotte-plays-lizotte\/#primaryimage\"},\"image\":{\"@id\":\"https:\/\/violet-otter-833665.hostingersite.com\/produit\/lizotte-plays-lizotte\/#primaryimage\"},\"thumbnailUrl\":\"https:\/\/calyane.com\/wp-content\/uploads\/2022\/05\/album_cover.jpg\",\"datePublished\":\"2022-05-03T19:23:00+00:00\",\"dateModified\":\"2022-05-03T19:28:29+00:00\",\"breadcrumb\":{\"@id\":\"https:\/\/violet-otter-833665.hostingersite.com\/produit\/lizotte-plays-lizotte\/#breadcrumb\"},\"inLanguage\":\"en-US\",\"potentialAction\":[{\"@type\":\"ReadAction\",\"target\":[\"https:\/\/violet-otter-833665.hostingersite.com\/produit\/lizotte-plays-lizotte\/\"]}]},{\"@type\":\"ImageObject\",\"inLanguage\":\"en-US\",\"@id\":\"https:\/\/violet-otter-833665.hostingersite.com\/produit\/lizotte-plays-lizotte\/#primaryimage\",\"url\":\"https:\/\/calyane.com\/wp-content\/uploads\/2022\/05\/album_cover.jpg\",\"contentUrl\":\"https:\/\/calyane.com\/wp-content\/uploads\/2022\/05\/album_cover.jpg\",\"width\":1000,\"height\":1000},{\"@type\":\"BreadcrumbList\",\"@id\":\"https:\/\/violet-otter-833665.hostingersite.com\/produit\/lizotte-plays-lizotte\/#breadcrumb\",\"itemListElement\":[{\"@type\":\"ListItem\",\"position\":1,\"name\":\"Accueil\",\"item\":\"https:\/\/calyane.com\/en\/\"},{\"@type\":\"ListItem\",\"position\":2,\"name\":\"Boutique en ligne\",\"item\":\"https:\/\/violet-otter-833665.hostingersite.com\/boutique-en-ligne\/\"},{\"@type\":\"ListItem\",\"position\":3,\"name\":\"Lizotte Plays Lizotte\"}]},{\"@type\":\"WebSite\",\"@id\":\"https:\/\/violet-otter-833665.hostingersite.com\/en\/#website\",\"url\":\"https:\/\/violet-otter-833665.hostingersite.com\/en\/\",\"name\":\"Calyane\",\"description\":\"Vive la harpe\",\"publisher\":{\"@id\":\"https:\/\/violet-otter-833665.hostingersite.com\/en\/#organization\"},\"potentialAction\":[{\"@type\":\"SearchAction\",\"target\":{\"@type\":\"EntryPoint\",\"urlTemplate\":\"https:\/\/violet-otter-833665.hostingersite.com\/en\/?s={search_term_string}\"},\"query-input\":{\"@type\":\"PropertyValueSpecification\",\"valueRequired\":true,\"valueName\":\"search_term_string\"}}],\"inLanguage\":\"en-US\"},{\"@type\":\"Organization\",\"@id\":\"https:\/\/violet-otter-833665.hostingersite.com\/en\/#organization\",\"name\":\"Caroline Lizotte\",\"url\":\"https:\/\/violet-otter-833665.hostingersite.com\/en\/\",\"logo\":{\"@type\":\"ImageObject\",\"inLanguage\":\"en-US\",\"@id\":\"https:\/\/violet-otter-833665.hostingersite.com\/en\/#\/schema\/logo\/image\/\",\"url\":\"http:\/\/calyane.com\/wp-content\/uploads\/2023\/02\/logo-editions-calyane-2021_500px.jpg\",\"contentUrl\":\"http:\/\/calyane.com\/wp-content\/uploads\/2023\/02\/logo-editions-calyane-2021_500px.jpg\",\"width\":500,\"height\":397,\"caption\":\"Caroline Lizotte\"},\"image\":{\"@id\":\"https:\/\/violet-otter-833665.hostingersite.com\/en\/#\/schema\/logo\/image\/\"},\"sameAs\":[\"https:\/\/www.facebook.com\/CarolineLizotteHarpist\",\"https:\/\/www.instagram.com\/lizotte_caroline\/\"]}]}<\/script>\n<!-- \/ Yoast SEO plugin. -->","yoast_head_json":{"title":"Lizotte Plays Lizotte - Caroline","robots":{"index":"index","follow":"follow","max-snippet":"max-snippet:-1","max-image-preview":"max-image-preview:large","max-video-preview":"max-video-preview:-1"},"canonical":"https:\/\/violet-otter-833665.hostingersite.com\/produit\/lizotte-plays-lizotte\/","og_locale":"en_US","og_type":"article","og_title":"Lizotte Plays Lizotte - Caroline","og_description":"CD + T\u00e9l\u00e9chargement : CD + Livret Deluxe bilingue 24 pages avec dorure argent\u00e9e et \u00e9tui origami num\u00e9rot\u00e9 + T\u00e9l\u00e9chargement num\u00e9rique + Livret num\u00e9rique en format pdf  T\u00e9l\u00e9chargement: T\u00e9l\u00e9chargement num\u00e9rique + Livret num\u00e9rique en format pdf","og_url":"https:\/\/violet-otter-833665.hostingersite.com\/produit\/lizotte-plays-lizotte\/","og_site_name":"Caroline","article_publisher":"https:\/\/www.facebook.com\/CarolineLizotteHarpist","article_modified_time":"2022-05-03T19:28:29+00:00","og_image":[{"width":1000,"height":1000,"url":"http:\/\/violet-otter-833665.hostingersite.com\/wp-content\/uploads\/2022\/05\/album_cover.jpg","type":"image\/jpeg"}],"twitter_card":"summary_large_image","twitter_misc":{"Est. reading time":"1 minute"},"schema":{"@context":"https:\/\/schema.org","@graph":[{"@type":"WebPage","@id":"https:\/\/violet-otter-833665.hostingersite.com\/produit\/lizotte-plays-lizotte\/","url":"https:\/\/violet-otter-833665.hostingersite.com\/produit\/lizotte-plays-lizotte\/","name":"Lizotte Plays Lizotte - Caroline","isPartOf":{"@id":"https:\/\/violet-otter-833665.hostingersite.com\/en\/#website"},"primaryImageOfPage":{"@id":"https:\/\/violet-otter-833665.hostingersite.com\/produit\/lizotte-plays-lizotte\/#primaryimage"},"image":{"@id":"https:\/\/violet-otter-833665.hostingersite.com\/produit\/lizotte-plays-lizotte\/#primaryimage"},"thumbnailUrl":"https:\/\/calyane.com\/wp-content\/uploads\/2022\/05\/album_cover.jpg","datePublished":"2022-05-03T19:23:00+00:00","dateModified":"2022-05-03T19:28:29+00:00","breadcrumb":{"@id":"https:\/\/violet-otter-833665.hostingersite.com\/produit\/lizotte-plays-lizotte\/#breadcrumb"},"inLanguage":"en-US","potentialAction":[{"@type":"ReadAction","target":["https:\/\/violet-otter-833665.hostingersite.com\/produit\/lizotte-plays-lizotte\/"]}]},{"@type":"ImageObject","inLanguage":"en-US","@id":"https:\/\/violet-otter-833665.hostingersite.com\/produit\/lizotte-plays-lizotte\/#primaryimage","url":"https:\/\/calyane.com\/wp-content\/uploads\/2022\/05\/album_cover.jpg","contentUrl":"https:\/\/calyane.com\/wp-content\/uploads\/2022\/05\/album_cover.jpg","width":1000,"height":1000},{"@type":"BreadcrumbList","@id":"https:\/\/violet-otter-833665.hostingersite.com\/produit\/lizotte-plays-lizotte\/#breadcrumb","itemListElement":[{"@type":"ListItem","position":1,"name":"Accueil","item":"https:\/\/calyane.com\/en\/"},{"@type":"ListItem","position":2,"name":"Boutique en ligne","item":"https:\/\/violet-otter-833665.hostingersite.com\/boutique-en-ligne\/"},{"@type":"ListItem","position":3,"name":"Lizotte Plays Lizotte"}]},{"@type":"WebSite","@id":"https:\/\/violet-otter-833665.hostingersite.com\/en\/#website","url":"https:\/\/violet-otter-833665.hostingersite.com\/en\/","name":"Calyane","description":"Vive la harpe","publisher":{"@id":"https:\/\/violet-otter-833665.hostingersite.com\/en\/#organization"},"potentialAction":[{"@type":"SearchAction","target":{"@type":"EntryPoint","urlTemplate":"https:\/\/violet-otter-833665.hostingersite.com\/en\/?s={search_term_string}"},"query-input":{"@type":"PropertyValueSpecification","valueRequired":true,"valueName":"search_term_string"}}],"inLanguage":"en-US"},{"@type":"Organization","@id":"https:\/\/violet-otter-833665.hostingersite.com\/en\/#organization","name":"Caroline Lizotte","url":"https:\/\/violet-otter-833665.hostingersite.com\/en\/","logo":{"@type":"ImageObject","inLanguage":"en-US","@id":"https:\/\/violet-otter-833665.hostingersite.com\/en\/#\/schema\/logo\/image\/","url":"http:\/\/calyane.com\/wp-content\/uploads\/2023\/02\/logo-editions-calyane-2021_500px.jpg","contentUrl":"http:\/\/calyane.com\/wp-content\/uploads\/2023\/02\/logo-editions-calyane-2021_500px.jpg","width":500,"height":397,"caption":"Caroline Lizotte"},"image":{"@id":"https:\/\/violet-otter-833665.hostingersite.com\/en\/#\/schema\/logo\/image\/"},"sameAs":["https:\/\/www.facebook.com\/CarolineLizotteHarpist","https:\/\/www.instagram.com\/lizotte_caroline\/"]}]}},"brands":[],"_links":{"self":[{"href":"https:\/\/calyane.com\/en\/wp-json\/wp\/v2\/product\/1388","targetHints":{"allow":["GET"]}}],"collection":[{"href":"https:\/\/calyane.com\/en\/wp-json\/wp\/v2\/product"}],"about":[{"href":"https:\/\/calyane.com\/en\/wp-json\/wp\/v2\/types\/product"}],"replies":[{"embeddable":true,"href":"https:\/\/calyane.com\/en\/wp-json\/wp\/v2\/comments?post=1388"}],"wp:featuredmedia":[{"embeddable":true,"href":"https:\/\/calyane.com\/en\/wp-json\/wp\/v2\/media\/1381"}],"wp:attachment":[{"href":"https:\/\/calyane.com\/en\/wp-json\/wp\/v2\/media?parent=1388"}],"wp:term":[{"taxonomy":"pwb-brand","embeddable":true,"href":"https:\/\/calyane.com\/en\/wp-json\/wp\/v2\/pwb-brand?post=1388"},{"taxonomy":"product_brand","embeddable":true,"href":"https:\/\/calyane.com\/en\/wp-json\/wp\/v2\/product_brand?post=1388"},{"taxonomy":"product_cat","embeddable":true,"href":"https:\/\/calyane.com\/en\/wp-json\/wp\/v2\/product_cat?post=1388"},{"taxonomy":"product_tag","embeddable":true,"href":"https:\/\/calyane.com\/en\/wp-json\/wp\/v2\/product_tag?post=1388"}],"curies":[{"name":"wp","href":"https:\/\/api.w.org\/{rel}","templated":true}]}}