{"id":2629,"date":"2025-01-14T00:02:30","date_gmt":"2025-01-14T00:02:30","guid":{"rendered":"https:\/\/calyane.com\/?post_type=product&#038;p=2629"},"modified":"2025-01-15T00:29:07","modified_gmt":"2025-01-15T00:29:07","slug":"kheiron-op-53-nocturne-for-harp","status":"publish","type":"product","link":"https:\/\/calyane.com\/en\/produit\/kheiron-op-53-nocturne-for-harp\/","title":{"rendered":"Khe\u00edr\u014dn, Op.53 Nocturne for Harp"},"content":{"rendered":"<p><strong>Khe\u00edr\u014dn, Op.53 Nocturne for Harp (2024)<\/strong><\/p>\n<div>Khe\u00edr\u014dn opus 53 is a commission work from harpist Heather Cornelius, whose mission is to share and raise awareness of the many artists who live and work with mental illness. The instability, suffering and struggle to heal, inspired me greatly to write this nocturnal, romantic era form particularly suitable for communicating feelings.<\/div>\n<div>Khe\u00edr\u014dn (Chiron) is a god-centaur of Greek mythology. In the analysis of birth charts, it is also a planetoid representing the fight in difficulty and trials. Studying it is therefore like exploring its shadow, diving deep into oneself to face its fears and wounds in order to make the light shine.<\/div>\n<div>The work begins and ends with a<em> bourdon<\/em> produced by a clothespin placed on the base of the last bass string. Thanks to the vibration wood on wood, one can hear purring the tonic of Khe\u00edr\u014dn and enter into isolation and solitude. The soft A major tonality\u00a0 always brings hope.<\/div>\n","protected":false},"excerpt":{"rendered":"<p>Khe\u00edr\u014dn, Op.53 Nocturne for Harp (2024) Khe\u00edr\u014dn opus 53 is a commission work from harpist Heather Cornelius, whose mission is to share and raise awareness of the many artists who live and work with mental illness. The instability, suffering and struggle to heal, inspired me greatly to write this nocturnal, romantic era form particularly suitable [&hellip;]<\/p>\n","protected":false},"featured_media":323,"comment_status":"open","ping_status":"closed","template":"","meta":{"_et_pb_use_builder":"","_et_pb_old_content":"","_et_gb_content_width":""},"pwb-brand":[],"product_brand":[],"product_cat":[40],"product_tag":[],"class_list":{"0":"post-2629","1":"product","2":"type-product","3":"status-publish","4":"has-post-thumbnail","6":"product_cat-harp-solo","8":"first","9":"instock","10":"taxable","11":"shipping-taxable","12":"purchasable","13":"product-type-simple"},"yoast_head":"<!-- This site is optimized with the Yoast SEO plugin v27.1.1 - https:\/\/yoast.com\/product\/yoast-seo-wordpress\/ -->\n<title>Khe\u00edr\u014dn, Op.53 Nocturne for Harp - Caroline<\/title>\n<meta name=\"robots\" content=\"index, follow, max-snippet:-1, max-image-preview:large, max-video-preview:-1\" \/>\n<link rel=\"canonical\" href=\"https:\/\/violet-otter-833665.hostingersite.com\/en\/produit\/kheiron-op-53-nocturne-for-harp\/\" \/>\n<meta property=\"og:locale\" content=\"en_US\" \/>\n<meta property=\"og:type\" content=\"article\" \/>\n<meta property=\"og:title\" content=\"Khe\u00edr\u014dn, Op.53 Nocturne for Harp - Caroline\" \/>\n<meta property=\"og:description\" content=\"Khe\u00edr\u014dn, Op.53 Nocturne for Harp (2024) Khe\u00edr\u014dn opus 53 is a commission work from harpist Heather Cornelius, whose mission is to share and raise awareness of the many artists who live and work with mental illness. The instability, suffering and struggle to heal, inspired me greatly to write this nocturnal, romantic era form particularly suitable [&hellip;]\" \/>\n<meta property=\"og:url\" content=\"https:\/\/violet-otter-833665.hostingersite.com\/en\/produit\/kheiron-op-53-nocturne-for-harp\/\" \/>\n<meta property=\"og:site_name\" content=\"Caroline\" \/>\n<meta property=\"article:publisher\" content=\"https:\/\/www.facebook.com\/CarolineLizotteHarpist\" \/>\n<meta property=\"article:modified_time\" content=\"2025-01-15T00:29:07+00:00\" \/>\n<meta property=\"og:image\" content=\"http:\/\/violet-otter-833665.hostingersite.com\/wp-content\/uploads\/2018\/02\/caro_thumbnail.jpg\" \/>\n\t<meta property=\"og:image:width\" content=\"300\" \/>\n\t<meta property=\"og:image:height\" content=\"300\" \/>\n\t<meta property=\"og:image:type\" content=\"image\/jpeg\" \/>\n<meta name=\"twitter:card\" content=\"summary_large_image\" \/>\n<meta name=\"twitter:label1\" content=\"Est. reading time\" \/>\n\t<meta name=\"twitter:data1\" content=\"1 minute\" \/>\n<script type=\"application\/ld+json\" class=\"yoast-schema-graph\">{\"@context\":\"https:\/\/schema.org\",\"@graph\":[{\"@type\":\"WebPage\",\"@id\":\"https:\/\/violet-otter-833665.hostingersite.com\/en\/produit\/kheiron-op-53-nocturne-for-harp\/\",\"url\":\"https:\/\/violet-otter-833665.hostingersite.com\/en\/produit\/kheiron-op-53-nocturne-for-harp\/\",\"name\":\"Khe\u00edr\u014dn, Op.53 Nocturne for Harp - Caroline\",\"isPartOf\":{\"@id\":\"https:\/\/violet-otter-833665.hostingersite.com\/en\/#website\"},\"primaryImageOfPage\":{\"@id\":\"https:\/\/violet-otter-833665.hostingersite.com\/en\/produit\/kheiron-op-53-nocturne-for-harp\/#primaryimage\"},\"image\":{\"@id\":\"https:\/\/violet-otter-833665.hostingersite.com\/en\/produit\/kheiron-op-53-nocturne-for-harp\/#primaryimage\"},\"thumbnailUrl\":\"https:\/\/calyane.com\/wp-content\/uploads\/2018\/02\/caro_thumbnail.jpg\",\"datePublished\":\"2025-01-14T00:02:30+00:00\",\"dateModified\":\"2025-01-15T00:29:07+00:00\",\"breadcrumb\":{\"@id\":\"https:\/\/violet-otter-833665.hostingersite.com\/en\/produit\/kheiron-op-53-nocturne-for-harp\/#breadcrumb\"},\"inLanguage\":\"en-US\",\"potentialAction\":[{\"@type\":\"ReadAction\",\"target\":[\"https:\/\/violet-otter-833665.hostingersite.com\/en\/produit\/kheiron-op-53-nocturne-for-harp\/\"]}]},{\"@type\":\"ImageObject\",\"inLanguage\":\"en-US\",\"@id\":\"https:\/\/violet-otter-833665.hostingersite.com\/en\/produit\/kheiron-op-53-nocturne-for-harp\/#primaryimage\",\"url\":\"https:\/\/calyane.com\/wp-content\/uploads\/2018\/02\/caro_thumbnail.jpg\",\"contentUrl\":\"https:\/\/calyane.com\/wp-content\/uploads\/2018\/02\/caro_thumbnail.jpg\",\"width\":300,\"height\":300},{\"@type\":\"BreadcrumbList\",\"@id\":\"https:\/\/violet-otter-833665.hostingersite.com\/en\/produit\/kheiron-op-53-nocturne-for-harp\/#breadcrumb\",\"itemListElement\":[{\"@type\":\"ListItem\",\"position\":1,\"name\":\"Accueil\",\"item\":\"https:\/\/calyane.com\/en\/\"},{\"@type\":\"ListItem\",\"position\":2,\"name\":\"Boutique en ligne\",\"item\":\"https:\/\/violet-otter-833665.hostingersite.com\/boutique-en-ligne\/\"},{\"@type\":\"ListItem\",\"position\":3,\"name\":\"Khe\u00edr\u014dn, Op.53 Nocturne for Harp\"}]},{\"@type\":\"WebSite\",\"@id\":\"https:\/\/violet-otter-833665.hostingersite.com\/en\/#website\",\"url\":\"https:\/\/violet-otter-833665.hostingersite.com\/en\/\",\"name\":\"Calyane\",\"description\":\"Vive la harpe\",\"publisher\":{\"@id\":\"https:\/\/violet-otter-833665.hostingersite.com\/en\/#organization\"},\"potentialAction\":[{\"@type\":\"SearchAction\",\"target\":{\"@type\":\"EntryPoint\",\"urlTemplate\":\"https:\/\/violet-otter-833665.hostingersite.com\/en\/?s={search_term_string}\"},\"query-input\":{\"@type\":\"PropertyValueSpecification\",\"valueRequired\":true,\"valueName\":\"search_term_string\"}}],\"inLanguage\":\"en-US\"},{\"@type\":\"Organization\",\"@id\":\"https:\/\/violet-otter-833665.hostingersite.com\/en\/#organization\",\"name\":\"Caroline Lizotte\",\"url\":\"https:\/\/violet-otter-833665.hostingersite.com\/en\/\",\"logo\":{\"@type\":\"ImageObject\",\"inLanguage\":\"en-US\",\"@id\":\"https:\/\/violet-otter-833665.hostingersite.com\/en\/#\/schema\/logo\/image\/\",\"url\":\"http:\/\/calyane.com\/wp-content\/uploads\/2023\/02\/logo-editions-calyane-2021_500px.jpg\",\"contentUrl\":\"http:\/\/calyane.com\/wp-content\/uploads\/2023\/02\/logo-editions-calyane-2021_500px.jpg\",\"width\":500,\"height\":397,\"caption\":\"Caroline Lizotte\"},\"image\":{\"@id\":\"https:\/\/violet-otter-833665.hostingersite.com\/en\/#\/schema\/logo\/image\/\"},\"sameAs\":[\"https:\/\/www.facebook.com\/CarolineLizotteHarpist\",\"https:\/\/www.instagram.com\/lizotte_caroline\/\"]}]}<\/script>\n<!-- \/ Yoast SEO plugin. -->","yoast_head_json":{"title":"Khe\u00edr\u014dn, Op.53 Nocturne for Harp - Caroline","robots":{"index":"index","follow":"follow","max-snippet":"max-snippet:-1","max-image-preview":"max-image-preview:large","max-video-preview":"max-video-preview:-1"},"canonical":"https:\/\/violet-otter-833665.hostingersite.com\/en\/produit\/kheiron-op-53-nocturne-for-harp\/","og_locale":"en_US","og_type":"article","og_title":"Khe\u00edr\u014dn, Op.53 Nocturne for Harp - Caroline","og_description":"Khe\u00edr\u014dn, Op.53 Nocturne for Harp (2024) Khe\u00edr\u014dn opus 53 is a commission work from harpist Heather Cornelius, whose mission is to share and raise awareness of the many artists who live and work with mental illness. The instability, suffering and struggle to heal, inspired me greatly to write this nocturnal, romantic era form particularly suitable [&hellip;]","og_url":"https:\/\/violet-otter-833665.hostingersite.com\/en\/produit\/kheiron-op-53-nocturne-for-harp\/","og_site_name":"Caroline","article_publisher":"https:\/\/www.facebook.com\/CarolineLizotteHarpist","article_modified_time":"2025-01-15T00:29:07+00:00","og_image":[{"width":300,"height":300,"url":"http:\/\/violet-otter-833665.hostingersite.com\/wp-content\/uploads\/2018\/02\/caro_thumbnail.jpg","type":"image\/jpeg"}],"twitter_card":"summary_large_image","twitter_misc":{"Est. reading time":"1 minute"},"schema":{"@context":"https:\/\/schema.org","@graph":[{"@type":"WebPage","@id":"https:\/\/violet-otter-833665.hostingersite.com\/en\/produit\/kheiron-op-53-nocturne-for-harp\/","url":"https:\/\/violet-otter-833665.hostingersite.com\/en\/produit\/kheiron-op-53-nocturne-for-harp\/","name":"Khe\u00edr\u014dn, Op.53 Nocturne for Harp - Caroline","isPartOf":{"@id":"https:\/\/violet-otter-833665.hostingersite.com\/en\/#website"},"primaryImageOfPage":{"@id":"https:\/\/violet-otter-833665.hostingersite.com\/en\/produit\/kheiron-op-53-nocturne-for-harp\/#primaryimage"},"image":{"@id":"https:\/\/violet-otter-833665.hostingersite.com\/en\/produit\/kheiron-op-53-nocturne-for-harp\/#primaryimage"},"thumbnailUrl":"https:\/\/calyane.com\/wp-content\/uploads\/2018\/02\/caro_thumbnail.jpg","datePublished":"2025-01-14T00:02:30+00:00","dateModified":"2025-01-15T00:29:07+00:00","breadcrumb":{"@id":"https:\/\/violet-otter-833665.hostingersite.com\/en\/produit\/kheiron-op-53-nocturne-for-harp\/#breadcrumb"},"inLanguage":"en-US","potentialAction":[{"@type":"ReadAction","target":["https:\/\/violet-otter-833665.hostingersite.com\/en\/produit\/kheiron-op-53-nocturne-for-harp\/"]}]},{"@type":"ImageObject","inLanguage":"en-US","@id":"https:\/\/violet-otter-833665.hostingersite.com\/en\/produit\/kheiron-op-53-nocturne-for-harp\/#primaryimage","url":"https:\/\/calyane.com\/wp-content\/uploads\/2018\/02\/caro_thumbnail.jpg","contentUrl":"https:\/\/calyane.com\/wp-content\/uploads\/2018\/02\/caro_thumbnail.jpg","width":300,"height":300},{"@type":"BreadcrumbList","@id":"https:\/\/violet-otter-833665.hostingersite.com\/en\/produit\/kheiron-op-53-nocturne-for-harp\/#breadcrumb","itemListElement":[{"@type":"ListItem","position":1,"name":"Accueil","item":"https:\/\/calyane.com\/en\/"},{"@type":"ListItem","position":2,"name":"Boutique en ligne","item":"https:\/\/violet-otter-833665.hostingersite.com\/boutique-en-ligne\/"},{"@type":"ListItem","position":3,"name":"Khe\u00edr\u014dn, Op.53 Nocturne for Harp"}]},{"@type":"WebSite","@id":"https:\/\/violet-otter-833665.hostingersite.com\/en\/#website","url":"https:\/\/violet-otter-833665.hostingersite.com\/en\/","name":"Calyane","description":"Vive la harpe","publisher":{"@id":"https:\/\/violet-otter-833665.hostingersite.com\/en\/#organization"},"potentialAction":[{"@type":"SearchAction","target":{"@type":"EntryPoint","urlTemplate":"https:\/\/violet-otter-833665.hostingersite.com\/en\/?s={search_term_string}"},"query-input":{"@type":"PropertyValueSpecification","valueRequired":true,"valueName":"search_term_string"}}],"inLanguage":"en-US"},{"@type":"Organization","@id":"https:\/\/violet-otter-833665.hostingersite.com\/en\/#organization","name":"Caroline Lizotte","url":"https:\/\/violet-otter-833665.hostingersite.com\/en\/","logo":{"@type":"ImageObject","inLanguage":"en-US","@id":"https:\/\/violet-otter-833665.hostingersite.com\/en\/#\/schema\/logo\/image\/","url":"http:\/\/calyane.com\/wp-content\/uploads\/2023\/02\/logo-editions-calyane-2021_500px.jpg","contentUrl":"http:\/\/calyane.com\/wp-content\/uploads\/2023\/02\/logo-editions-calyane-2021_500px.jpg","width":500,"height":397,"caption":"Caroline Lizotte"},"image":{"@id":"https:\/\/violet-otter-833665.hostingersite.com\/en\/#\/schema\/logo\/image\/"},"sameAs":["https:\/\/www.facebook.com\/CarolineLizotteHarpist","https:\/\/www.instagram.com\/lizotte_caroline\/"]}]}},"brands":[],"_links":{"self":[{"href":"https:\/\/calyane.com\/en\/wp-json\/wp\/v2\/product\/2629","targetHints":{"allow":["GET"]}}],"collection":[{"href":"https:\/\/calyane.com\/en\/wp-json\/wp\/v2\/product"}],"about":[{"href":"https:\/\/calyane.com\/en\/wp-json\/wp\/v2\/types\/product"}],"replies":[{"embeddable":true,"href":"https:\/\/calyane.com\/en\/wp-json\/wp\/v2\/comments?post=2629"}],"wp:featuredmedia":[{"embeddable":true,"href":"https:\/\/calyane.com\/en\/wp-json\/wp\/v2\/media\/323"}],"wp:attachment":[{"href":"https:\/\/calyane.com\/en\/wp-json\/wp\/v2\/media?parent=2629"}],"wp:term":[{"taxonomy":"pwb-brand","embeddable":true,"href":"https:\/\/calyane.com\/en\/wp-json\/wp\/v2\/pwb-brand?post=2629"},{"taxonomy":"product_brand","embeddable":true,"href":"https:\/\/calyane.com\/en\/wp-json\/wp\/v2\/product_brand?post=2629"},{"taxonomy":"product_cat","embeddable":true,"href":"https:\/\/calyane.com\/en\/wp-json\/wp\/v2\/product_cat?post=2629"},{"taxonomy":"product_tag","embeddable":true,"href":"https:\/\/calyane.com\/en\/wp-json\/wp\/v2\/product_tag?post=2629"}],"curies":[{"name":"wp","href":"https:\/\/api.w.org\/{rel}","templated":true}]}}