{"id":429,"date":"2018-02-06T20:49:44","date_gmt":"2018-02-06T20:49:44","guid":{"rendered":"http:\/\/www.tramdev.com\/caroline\/produit\/odyssee-opus-37\/"},"modified":"2025-01-15T00:27:01","modified_gmt":"2025-01-15T00:27:01","slug":"odyssee-opus-37","status":"publish","type":"product","link":"https:\/\/calyane.com\/en\/produit\/odyssee-opus-37\/","title":{"rendered":"Odyss\u00e9e, opus 37"},"content":{"rendered":"<p><span style=\"font-size: large;\"><span style=\"font-family: Verdana;\">Caroline Lizotte\u00a0(1969)<br \/>\n<em>Odyss\u00e9e, opus 37<\/em><\/span><\/span><\/p>\n<p><span style=\"font-family: tahoma, arial, helvetica, sans-serif;\">Compos\u00e9e en mars 1990 sp\u00e9cialement pour l\u2019examen 3i\u00e8me cycle-fin au Conservatoire, demandant obligatoirement une \u0153uvre contemporaine canadienne au programme. Odyss\u00e9e se base sur un petit po\u00e8me de mon cru, d\u00e9crivant quelque peu ce que l\u2019Odyss\u00e9e d\u2019Hom\u00e8re repr\u00e9sentait \u00e0 mes yeux.<\/span><\/p>\n<p><span style=\"font-family: tahoma, arial, helvetica, sans-serif;\">Voyage aventureux<br \/>\nContr\u00e9es sans fronti\u00e8res<br \/>\nD\u00e9fier la gravit\u00e9,\u00a0\u00a0\u00a0un moment<br \/>\nDans un lieu ind\u00e9termin\u00e9<br \/>\nMais\u00a0 que l\u2019on conna\u00eet,<br \/>\nparce qu\u2019on y est bien.\u00a0\u00a0<\/span><\/p>\n<p><span style=\"font-family: tahoma, arial, helvetica, sans-serif;\">Lib\u00e9ration, extravagances,<br \/>\n\u00c9v\u00e9nements bizarres, vari\u00e9s<br \/>\nAbsolument irr\u00e9els<br \/>\nMais que l \u2018on conna\u00eet,\u00a0\u00a0parce qu\u2019on les cr\u00e9e.<\/span><\/p>\n<p><span style=\"font-family: tahoma, arial, helvetica, sans-serif;\">Seulement pour le plaisir,\u00a0<\/span><span style=\"font-family: tahoma, arial, helvetica, sans-serif;\">pour un instant<br \/>\nLaisser savourer les r\u00eaves<br \/>\nQuelques heures<br \/>\nPuis, tout dispara\u00eet au r\u00e9veil<br \/>\nLes deux pieds sur terre<\/span><\/p>\n<p>On ne saura jamais<br \/>\nO\u00f9 l\u2019Odyss\u00e9e prend sa source<br \/>\n<span style=\"font-family: tahoma, arial, helvetica, sans-serif;\">Ni vers quel oc\u00e9an elle chemine<br \/>\n<\/span><\/p>\n<p>Elle est lit de nos pens\u00e9es et sommes flots de son mouvement<\/p>\n","protected":false},"excerpt":{"rendered":"<p>Caroline Lizotte\u00a0(1969) Odyss\u00e9e, opus 37 Compos\u00e9e en mars 1990 sp\u00e9cialement pour l\u2019examen 3i\u00e8me cycle-fin au Conservatoire, demandant obligatoirement une \u0153uvre contemporaine canadienne au programme. Odyss\u00e9e se base sur un petit po\u00e8me de mon cru, d\u00e9crivant quelque peu ce que l\u2019Odyss\u00e9e d\u2019Hom\u00e8re repr\u00e9sentait \u00e0 mes yeux. Voyage aventureux Contr\u00e9es sans fronti\u00e8res D\u00e9fier la gravit\u00e9,\u00a0\u00a0\u00a0un moment Dans [&hellip;]<\/p>\n","protected":false},"featured_media":364,"comment_status":"open","ping_status":"closed","template":"","meta":{"_et_pb_use_builder":"","_et_pb_old_content":"","_et_gb_content_width":""},"pwb-brand":[45],"product_brand":[],"product_cat":[40],"product_tag":[],"class_list":{"0":"post-429","1":"product","2":"type-product","3":"status-publish","4":"has-post-thumbnail","6":"pwb-brand-caroline-lizotte","7":"product_cat-harp-solo","9":"first","10":"instock","11":"taxable","12":"shipping-taxable","13":"purchasable","14":"product-type-simple"},"yoast_head":"<!-- This site is optimized with the Yoast SEO plugin v27.1.1 - https:\/\/yoast.com\/product\/yoast-seo-wordpress\/ -->\n<title>Odyss\u00e9e, opus 37 - Caroline<\/title>\n<meta name=\"robots\" content=\"index, follow, max-snippet:-1, max-image-preview:large, max-video-preview:-1\" \/>\n<link rel=\"canonical\" href=\"https:\/\/violet-otter-833665.hostingersite.com\/en\/produit\/odyssee-opus-37\/\" \/>\n<meta property=\"og:locale\" content=\"en_US\" \/>\n<meta property=\"og:type\" content=\"article\" \/>\n<meta property=\"og:title\" content=\"Odyss\u00e9e, opus 37 - Caroline\" \/>\n<meta property=\"og:description\" content=\"Caroline Lizotte\u00a0(1969) Odyss\u00e9e, opus 37 Compos\u00e9e en mars 1990 sp\u00e9cialement pour l\u2019examen 3i\u00e8me cycle-fin au Conservatoire, demandant obligatoirement une \u0153uvre contemporaine canadienne au programme. Odyss\u00e9e se base sur un petit po\u00e8me de mon cru, d\u00e9crivant quelque peu ce que l\u2019Odyss\u00e9e d\u2019Hom\u00e8re repr\u00e9sentait \u00e0 mes yeux. Voyage aventureux Contr\u00e9es sans fronti\u00e8res D\u00e9fier la gravit\u00e9,\u00a0\u00a0\u00a0un moment Dans [&hellip;]\" \/>\n<meta property=\"og:url\" content=\"https:\/\/violet-otter-833665.hostingersite.com\/en\/produit\/odyssee-opus-37\/\" \/>\n<meta property=\"og:site_name\" content=\"Caroline\" \/>\n<meta property=\"article:publisher\" content=\"https:\/\/www.facebook.com\/CarolineLizotteHarpist\" \/>\n<meta property=\"article:modified_time\" content=\"2025-01-15T00:27:01+00:00\" \/>\n<meta property=\"og:image\" content=\"http:\/\/violet-otter-833665.hostingersite.com\/wp-content\/uploads\/2018\/02\/caro_thumbnail-1.jpg\" \/>\n\t<meta property=\"og:image:width\" content=\"300\" \/>\n\t<meta property=\"og:image:height\" content=\"300\" \/>\n\t<meta property=\"og:image:type\" content=\"image\/jpeg\" \/>\n<meta name=\"twitter:card\" content=\"summary_large_image\" \/>\n<meta name=\"twitter:label1\" content=\"Est. reading time\" \/>\n\t<meta name=\"twitter:data1\" content=\"1 minute\" \/>\n<script type=\"application\/ld+json\" class=\"yoast-schema-graph\">{\"@context\":\"https:\/\/schema.org\",\"@graph\":[{\"@type\":\"WebPage\",\"@id\":\"https:\/\/violet-otter-833665.hostingersite.com\/en\/produit\/odyssee-opus-37\/\",\"url\":\"https:\/\/violet-otter-833665.hostingersite.com\/en\/produit\/odyssee-opus-37\/\",\"name\":\"Odyss\u00e9e, opus 37 - Caroline\",\"isPartOf\":{\"@id\":\"https:\/\/violet-otter-833665.hostingersite.com\/en\/#website\"},\"primaryImageOfPage\":{\"@id\":\"https:\/\/violet-otter-833665.hostingersite.com\/en\/produit\/odyssee-opus-37\/#primaryimage\"},\"image\":{\"@id\":\"https:\/\/violet-otter-833665.hostingersite.com\/en\/produit\/odyssee-opus-37\/#primaryimage\"},\"thumbnailUrl\":\"https:\/\/calyane.com\/wp-content\/uploads\/2018\/02\/caro_thumbnail-1.jpg\",\"datePublished\":\"2018-02-06T20:49:44+00:00\",\"dateModified\":\"2025-01-15T00:27:01+00:00\",\"breadcrumb\":{\"@id\":\"https:\/\/violet-otter-833665.hostingersite.com\/en\/produit\/odyssee-opus-37\/#breadcrumb\"},\"inLanguage\":\"en-US\",\"potentialAction\":[{\"@type\":\"ReadAction\",\"target\":[\"https:\/\/violet-otter-833665.hostingersite.com\/en\/produit\/odyssee-opus-37\/\"]}]},{\"@type\":\"ImageObject\",\"inLanguage\":\"en-US\",\"@id\":\"https:\/\/violet-otter-833665.hostingersite.com\/en\/produit\/odyssee-opus-37\/#primaryimage\",\"url\":\"https:\/\/calyane.com\/wp-content\/uploads\/2018\/02\/caro_thumbnail-1.jpg\",\"contentUrl\":\"https:\/\/calyane.com\/wp-content\/uploads\/2018\/02\/caro_thumbnail-1.jpg\",\"width\":300,\"height\":300},{\"@type\":\"BreadcrumbList\",\"@id\":\"https:\/\/violet-otter-833665.hostingersite.com\/en\/produit\/odyssee-opus-37\/#breadcrumb\",\"itemListElement\":[{\"@type\":\"ListItem\",\"position\":1,\"name\":\"Accueil\",\"item\":\"https:\/\/calyane.com\/en\/\"},{\"@type\":\"ListItem\",\"position\":2,\"name\":\"Boutique en ligne\",\"item\":\"https:\/\/violet-otter-833665.hostingersite.com\/boutique-en-ligne\/\"},{\"@type\":\"ListItem\",\"position\":3,\"name\":\"Odyss\u00e9e, opus 37\"}]},{\"@type\":\"WebSite\",\"@id\":\"https:\/\/violet-otter-833665.hostingersite.com\/en\/#website\",\"url\":\"https:\/\/violet-otter-833665.hostingersite.com\/en\/\",\"name\":\"Calyane\",\"description\":\"Vive la harpe\",\"publisher\":{\"@id\":\"https:\/\/violet-otter-833665.hostingersite.com\/en\/#organization\"},\"potentialAction\":[{\"@type\":\"SearchAction\",\"target\":{\"@type\":\"EntryPoint\",\"urlTemplate\":\"https:\/\/violet-otter-833665.hostingersite.com\/en\/?s={search_term_string}\"},\"query-input\":{\"@type\":\"PropertyValueSpecification\",\"valueRequired\":true,\"valueName\":\"search_term_string\"}}],\"inLanguage\":\"en-US\"},{\"@type\":\"Organization\",\"@id\":\"https:\/\/violet-otter-833665.hostingersite.com\/en\/#organization\",\"name\":\"Caroline Lizotte\",\"url\":\"https:\/\/violet-otter-833665.hostingersite.com\/en\/\",\"logo\":{\"@type\":\"ImageObject\",\"inLanguage\":\"en-US\",\"@id\":\"https:\/\/violet-otter-833665.hostingersite.com\/en\/#\/schema\/logo\/image\/\",\"url\":\"http:\/\/calyane.com\/wp-content\/uploads\/2023\/02\/logo-editions-calyane-2021_500px.jpg\",\"contentUrl\":\"http:\/\/calyane.com\/wp-content\/uploads\/2023\/02\/logo-editions-calyane-2021_500px.jpg\",\"width\":500,\"height\":397,\"caption\":\"Caroline Lizotte\"},\"image\":{\"@id\":\"https:\/\/violet-otter-833665.hostingersite.com\/en\/#\/schema\/logo\/image\/\"},\"sameAs\":[\"https:\/\/www.facebook.com\/CarolineLizotteHarpist\",\"https:\/\/www.instagram.com\/lizotte_caroline\/\"]}]}<\/script>\n<!-- \/ Yoast SEO plugin. -->","yoast_head_json":{"title":"Odyss\u00e9e, opus 37 - Caroline","robots":{"index":"index","follow":"follow","max-snippet":"max-snippet:-1","max-image-preview":"max-image-preview:large","max-video-preview":"max-video-preview:-1"},"canonical":"https:\/\/violet-otter-833665.hostingersite.com\/en\/produit\/odyssee-opus-37\/","og_locale":"en_US","og_type":"article","og_title":"Odyss\u00e9e, opus 37 - Caroline","og_description":"Caroline Lizotte\u00a0(1969) Odyss\u00e9e, opus 37 Compos\u00e9e en mars 1990 sp\u00e9cialement pour l\u2019examen 3i\u00e8me cycle-fin au Conservatoire, demandant obligatoirement une \u0153uvre contemporaine canadienne au programme. Odyss\u00e9e se base sur un petit po\u00e8me de mon cru, d\u00e9crivant quelque peu ce que l\u2019Odyss\u00e9e d\u2019Hom\u00e8re repr\u00e9sentait \u00e0 mes yeux. Voyage aventureux Contr\u00e9es sans fronti\u00e8res D\u00e9fier la gravit\u00e9,\u00a0\u00a0\u00a0un moment Dans [&hellip;]","og_url":"https:\/\/violet-otter-833665.hostingersite.com\/en\/produit\/odyssee-opus-37\/","og_site_name":"Caroline","article_publisher":"https:\/\/www.facebook.com\/CarolineLizotteHarpist","article_modified_time":"2025-01-15T00:27:01+00:00","og_image":[{"width":300,"height":300,"url":"http:\/\/violet-otter-833665.hostingersite.com\/wp-content\/uploads\/2018\/02\/caro_thumbnail-1.jpg","type":"image\/jpeg"}],"twitter_card":"summary_large_image","twitter_misc":{"Est. reading time":"1 minute"},"schema":{"@context":"https:\/\/schema.org","@graph":[{"@type":"WebPage","@id":"https:\/\/violet-otter-833665.hostingersite.com\/en\/produit\/odyssee-opus-37\/","url":"https:\/\/violet-otter-833665.hostingersite.com\/en\/produit\/odyssee-opus-37\/","name":"Odyss\u00e9e, opus 37 - Caroline","isPartOf":{"@id":"https:\/\/violet-otter-833665.hostingersite.com\/en\/#website"},"primaryImageOfPage":{"@id":"https:\/\/violet-otter-833665.hostingersite.com\/en\/produit\/odyssee-opus-37\/#primaryimage"},"image":{"@id":"https:\/\/violet-otter-833665.hostingersite.com\/en\/produit\/odyssee-opus-37\/#primaryimage"},"thumbnailUrl":"https:\/\/calyane.com\/wp-content\/uploads\/2018\/02\/caro_thumbnail-1.jpg","datePublished":"2018-02-06T20:49:44+00:00","dateModified":"2025-01-15T00:27:01+00:00","breadcrumb":{"@id":"https:\/\/violet-otter-833665.hostingersite.com\/en\/produit\/odyssee-opus-37\/#breadcrumb"},"inLanguage":"en-US","potentialAction":[{"@type":"ReadAction","target":["https:\/\/violet-otter-833665.hostingersite.com\/en\/produit\/odyssee-opus-37\/"]}]},{"@type":"ImageObject","inLanguage":"en-US","@id":"https:\/\/violet-otter-833665.hostingersite.com\/en\/produit\/odyssee-opus-37\/#primaryimage","url":"https:\/\/calyane.com\/wp-content\/uploads\/2018\/02\/caro_thumbnail-1.jpg","contentUrl":"https:\/\/calyane.com\/wp-content\/uploads\/2018\/02\/caro_thumbnail-1.jpg","width":300,"height":300},{"@type":"BreadcrumbList","@id":"https:\/\/violet-otter-833665.hostingersite.com\/en\/produit\/odyssee-opus-37\/#breadcrumb","itemListElement":[{"@type":"ListItem","position":1,"name":"Accueil","item":"https:\/\/calyane.com\/en\/"},{"@type":"ListItem","position":2,"name":"Boutique en ligne","item":"https:\/\/violet-otter-833665.hostingersite.com\/boutique-en-ligne\/"},{"@type":"ListItem","position":3,"name":"Odyss\u00e9e, opus 37"}]},{"@type":"WebSite","@id":"https:\/\/violet-otter-833665.hostingersite.com\/en\/#website","url":"https:\/\/violet-otter-833665.hostingersite.com\/en\/","name":"Calyane","description":"Vive la harpe","publisher":{"@id":"https:\/\/violet-otter-833665.hostingersite.com\/en\/#organization"},"potentialAction":[{"@type":"SearchAction","target":{"@type":"EntryPoint","urlTemplate":"https:\/\/violet-otter-833665.hostingersite.com\/en\/?s={search_term_string}"},"query-input":{"@type":"PropertyValueSpecification","valueRequired":true,"valueName":"search_term_string"}}],"inLanguage":"en-US"},{"@type":"Organization","@id":"https:\/\/violet-otter-833665.hostingersite.com\/en\/#organization","name":"Caroline Lizotte","url":"https:\/\/violet-otter-833665.hostingersite.com\/en\/","logo":{"@type":"ImageObject","inLanguage":"en-US","@id":"https:\/\/violet-otter-833665.hostingersite.com\/en\/#\/schema\/logo\/image\/","url":"http:\/\/calyane.com\/wp-content\/uploads\/2023\/02\/logo-editions-calyane-2021_500px.jpg","contentUrl":"http:\/\/calyane.com\/wp-content\/uploads\/2023\/02\/logo-editions-calyane-2021_500px.jpg","width":500,"height":397,"caption":"Caroline Lizotte"},"image":{"@id":"https:\/\/violet-otter-833665.hostingersite.com\/en\/#\/schema\/logo\/image\/"},"sameAs":["https:\/\/www.facebook.com\/CarolineLizotteHarpist","https:\/\/www.instagram.com\/lizotte_caroline\/"]}]}},"brands":[{"id":45,"name":"Caroline Lizotte","slug":"caroline-lizotte"}],"_links":{"self":[{"href":"https:\/\/calyane.com\/en\/wp-json\/wp\/v2\/product\/429","targetHints":{"allow":["GET"]}}],"collection":[{"href":"https:\/\/calyane.com\/en\/wp-json\/wp\/v2\/product"}],"about":[{"href":"https:\/\/calyane.com\/en\/wp-json\/wp\/v2\/types\/product"}],"replies":[{"embeddable":true,"href":"https:\/\/calyane.com\/en\/wp-json\/wp\/v2\/comments?post=429"}],"wp:featuredmedia":[{"embeddable":true,"href":"https:\/\/calyane.com\/en\/wp-json\/wp\/v2\/media\/364"}],"wp:attachment":[{"href":"https:\/\/calyane.com\/en\/wp-json\/wp\/v2\/media?parent=429"}],"wp:term":[{"taxonomy":"pwb-brand","embeddable":true,"href":"https:\/\/calyane.com\/en\/wp-json\/wp\/v2\/pwb-brand?post=429"},{"taxonomy":"product_brand","embeddable":true,"href":"https:\/\/calyane.com\/en\/wp-json\/wp\/v2\/product_brand?post=429"},{"taxonomy":"product_cat","embeddable":true,"href":"https:\/\/calyane.com\/en\/wp-json\/wp\/v2\/product_cat?post=429"},{"taxonomy":"product_tag","embeddable":true,"href":"https:\/\/calyane.com\/en\/wp-json\/wp\/v2\/product_tag?post=429"}],"curies":[{"name":"wp","href":"https:\/\/api.w.org\/{rel}","templated":true}]}}