{"id":436,"date":"2018-02-06T20:51:43","date_gmt":"2018-02-06T20:51:43","guid":{"rendered":"http:\/\/www.tramdev.com\/caroline\/produit\/sonate-en-sol-k431-k32-k14\/"},"modified":"2018-02-06T20:51:43","modified_gmt":"2018-02-06T20:51:43","slug":"sonate-en-sol-k431-k32-k14","status":"publish","type":"product","link":"https:\/\/calyane.com\/en\/produit\/sonate-en-sol-k431-k32-k14\/","title":{"rendered":"Sonate en sol K431-K32-K14"},"content":{"rendered":"<p><span style=\"font-family: verdana, arial, helvetica, sans-serif; font-size: large;\">Domenico Scarlatti (1685-1757)<br \/>\n<em>Sonate en sol K431-K32-K14<br \/>\n<\/em><\/span><\/p>\n<p><span style=\"font-family: verdana, arial, helvetica, sans-serif;\">Arr: Caroline Lizotte<\/span><\/p>\n<p><span style=\"font-family: tahoma, arial, helvetica, sans-serif;\">Sonata in G<br \/>\ntrascrizione per arpa : Caroline Lizotte<\/span><\/p>\n<p><span style=\"font-family: tahoma, arial, helvetica, sans-serif;\">K431 \u00a0Allegro (sol majeur)<br \/>\nK32\u00a0Aria (sol mineur)\u00a0\u00a0\u00a0\u00a0<\/span><\/p>\n<p><span style=\"font-family: tahoma, arial, helvetica, sans-serif;\">K14 \u00a0Presto (sol majeur)<br \/>\nLa sonate en sol est un regroupement de sonates cueillies parmi celles que Domenico Scarlatti a \u00e9crites pour clavecin, selon les num\u00e9ros de classement attribu\u00e9s par Kirkpatrick.<br \/>\nJ\u2019ai regroup\u00e9 cette \u00ab forme sonate \u00bb dans le but de les pr\u00e9senter en concert ; puisque les quelques 555 sonates de Scarlatti\/Kirkpatrick sont pour la plupart tr\u00e8s courtes ; et aussi parce que certaines d\u2019entre elles sont tr\u00e8s harpistique, m\u00eame si l\u2018instrument n\u2019\u00e9tait pas tr\u00e8s \u00e0 la mode \u00e0 cette p\u00e9riode.\u00a0<\/span><\/p>\n","protected":false},"excerpt":{"rendered":"<p>Domenico Scarlatti (1685-1757) Sonate en sol K431-K32-K14 Arr: Caroline Lizotte Sonata in G trascrizione per arpa : Caroline Lizotte K431 \u00a0Allegro (sol majeur) K32\u00a0Aria (sol mineur)\u00a0\u00a0\u00a0\u00a0 K14 \u00a0Presto (sol majeur) La sonate en sol est un regroupement de sonates cueillies parmi celles que Domenico Scarlatti a \u00e9crites pour clavecin, selon les num\u00e9ros de classement attribu\u00e9s [&hellip;]<\/p>\n","protected":false},"featured_media":359,"comment_status":"open","ping_status":"closed","template":"","meta":{"_et_pb_use_builder":"","_et_pb_old_content":"","_et_gb_content_width":""},"pwb-brand":[61],"product_brand":[],"product_cat":[40],"product_tag":[],"class_list":{"0":"post-436","1":"product","2":"type-product","3":"status-publish","4":"has-post-thumbnail","6":"pwb-brand-domenico-scarlatti","7":"product_cat-harp-solo","9":"first","10":"instock","11":"taxable","12":"shipping-taxable","13":"purchasable","14":"product-type-simple"},"yoast_head":"<!-- This site is optimized with the Yoast SEO plugin v27.1.1 - https:\/\/yoast.com\/product\/yoast-seo-wordpress\/ -->\n<title>Sonate en sol K431-K32-K14 - Caroline<\/title>\n<meta name=\"robots\" content=\"index, follow, max-snippet:-1, max-image-preview:large, max-video-preview:-1\" \/>\n<link rel=\"canonical\" href=\"https:\/\/violet-otter-833665.hostingersite.com\/produit\/sonate-en-sol-k431-k32-k14\/\" \/>\n<meta property=\"og:locale\" content=\"en_US\" \/>\n<meta property=\"og:type\" content=\"article\" \/>\n<meta property=\"og:title\" content=\"Sonate en sol K431-K32-K14 - Caroline\" \/>\n<meta property=\"og:description\" content=\"Domenico Scarlatti (1685-1757) Sonate en sol K431-K32-K14 Arr: Caroline Lizotte Sonata in G trascrizione per arpa : Caroline Lizotte K431 \u00a0Allegro (sol majeur) K32\u00a0Aria (sol mineur)\u00a0\u00a0\u00a0\u00a0 K14 \u00a0Presto (sol majeur) La sonate en sol est un regroupement de sonates cueillies parmi celles que Domenico Scarlatti a \u00e9crites pour clavecin, selon les num\u00e9ros de classement attribu\u00e9s [&hellip;]\" \/>\n<meta property=\"og:url\" content=\"https:\/\/violet-otter-833665.hostingersite.com\/produit\/sonate-en-sol-k431-k32-k14\/\" \/>\n<meta property=\"og:site_name\" content=\"Caroline\" \/>\n<meta property=\"article:publisher\" content=\"https:\/\/www.facebook.com\/CarolineLizotteHarpist\" \/>\n<meta property=\"og:image\" content=\"http:\/\/violet-otter-833665.hostingersite.com\/wp-content\/uploads\/2018\/02\/Ascarlatti.jpg\" \/>\n\t<meta property=\"og:image:width\" content=\"300\" \/>\n\t<meta property=\"og:image:height\" content=\"300\" \/>\n\t<meta property=\"og:image:type\" content=\"image\/jpeg\" \/>\n<meta name=\"twitter:card\" content=\"summary_large_image\" \/>\n<meta name=\"twitter:label1\" content=\"Est. reading time\" \/>\n\t<meta name=\"twitter:data1\" content=\"1 minute\" \/>\n<script type=\"application\/ld+json\" class=\"yoast-schema-graph\">{\"@context\":\"https:\/\/schema.org\",\"@graph\":[{\"@type\":\"WebPage\",\"@id\":\"https:\/\/violet-otter-833665.hostingersite.com\/produit\/sonate-en-sol-k431-k32-k14\/\",\"url\":\"https:\/\/violet-otter-833665.hostingersite.com\/produit\/sonate-en-sol-k431-k32-k14\/\",\"name\":\"Sonate en sol K431-K32-K14 - Caroline\",\"isPartOf\":{\"@id\":\"https:\/\/violet-otter-833665.hostingersite.com\/en\/#website\"},\"primaryImageOfPage\":{\"@id\":\"https:\/\/violet-otter-833665.hostingersite.com\/produit\/sonate-en-sol-k431-k32-k14\/#primaryimage\"},\"image\":{\"@id\":\"https:\/\/violet-otter-833665.hostingersite.com\/produit\/sonate-en-sol-k431-k32-k14\/#primaryimage\"},\"thumbnailUrl\":\"https:\/\/calyane.com\/wp-content\/uploads\/2018\/02\/Ascarlatti.jpg\",\"datePublished\":\"2018-02-06T20:51:43+00:00\",\"breadcrumb\":{\"@id\":\"https:\/\/violet-otter-833665.hostingersite.com\/produit\/sonate-en-sol-k431-k32-k14\/#breadcrumb\"},\"inLanguage\":\"en-US\",\"potentialAction\":[{\"@type\":\"ReadAction\",\"target\":[\"https:\/\/violet-otter-833665.hostingersite.com\/produit\/sonate-en-sol-k431-k32-k14\/\"]}]},{\"@type\":\"ImageObject\",\"inLanguage\":\"en-US\",\"@id\":\"https:\/\/violet-otter-833665.hostingersite.com\/produit\/sonate-en-sol-k431-k32-k14\/#primaryimage\",\"url\":\"https:\/\/calyane.com\/wp-content\/uploads\/2018\/02\/Ascarlatti.jpg\",\"contentUrl\":\"https:\/\/calyane.com\/wp-content\/uploads\/2018\/02\/Ascarlatti.jpg\",\"width\":300,\"height\":300},{\"@type\":\"BreadcrumbList\",\"@id\":\"https:\/\/violet-otter-833665.hostingersite.com\/produit\/sonate-en-sol-k431-k32-k14\/#breadcrumb\",\"itemListElement\":[{\"@type\":\"ListItem\",\"position\":1,\"name\":\"Accueil\",\"item\":\"https:\/\/calyane.com\/en\/\"},{\"@type\":\"ListItem\",\"position\":2,\"name\":\"Boutique en ligne\",\"item\":\"https:\/\/violet-otter-833665.hostingersite.com\/boutique-en-ligne\/\"},{\"@type\":\"ListItem\",\"position\":3,\"name\":\"Sonate en sol K431-K32-K14\"}]},{\"@type\":\"WebSite\",\"@id\":\"https:\/\/violet-otter-833665.hostingersite.com\/en\/#website\",\"url\":\"https:\/\/violet-otter-833665.hostingersite.com\/en\/\",\"name\":\"Calyane\",\"description\":\"Vive la harpe\",\"publisher\":{\"@id\":\"https:\/\/violet-otter-833665.hostingersite.com\/en\/#organization\"},\"potentialAction\":[{\"@type\":\"SearchAction\",\"target\":{\"@type\":\"EntryPoint\",\"urlTemplate\":\"https:\/\/violet-otter-833665.hostingersite.com\/en\/?s={search_term_string}\"},\"query-input\":{\"@type\":\"PropertyValueSpecification\",\"valueRequired\":true,\"valueName\":\"search_term_string\"}}],\"inLanguage\":\"en-US\"},{\"@type\":\"Organization\",\"@id\":\"https:\/\/violet-otter-833665.hostingersite.com\/en\/#organization\",\"name\":\"Caroline Lizotte\",\"url\":\"https:\/\/violet-otter-833665.hostingersite.com\/en\/\",\"logo\":{\"@type\":\"ImageObject\",\"inLanguage\":\"en-US\",\"@id\":\"https:\/\/violet-otter-833665.hostingersite.com\/en\/#\/schema\/logo\/image\/\",\"url\":\"http:\/\/calyane.com\/wp-content\/uploads\/2023\/02\/logo-editions-calyane-2021_500px.jpg\",\"contentUrl\":\"http:\/\/calyane.com\/wp-content\/uploads\/2023\/02\/logo-editions-calyane-2021_500px.jpg\",\"width\":500,\"height\":397,\"caption\":\"Caroline Lizotte\"},\"image\":{\"@id\":\"https:\/\/violet-otter-833665.hostingersite.com\/en\/#\/schema\/logo\/image\/\"},\"sameAs\":[\"https:\/\/www.facebook.com\/CarolineLizotteHarpist\",\"https:\/\/www.instagram.com\/lizotte_caroline\/\"]}]}<\/script>\n<!-- \/ Yoast SEO plugin. -->","yoast_head_json":{"title":"Sonate en sol K431-K32-K14 - Caroline","robots":{"index":"index","follow":"follow","max-snippet":"max-snippet:-1","max-image-preview":"max-image-preview:large","max-video-preview":"max-video-preview:-1"},"canonical":"https:\/\/violet-otter-833665.hostingersite.com\/produit\/sonate-en-sol-k431-k32-k14\/","og_locale":"en_US","og_type":"article","og_title":"Sonate en sol K431-K32-K14 - Caroline","og_description":"Domenico Scarlatti (1685-1757) Sonate en sol K431-K32-K14 Arr: Caroline Lizotte Sonata in G trascrizione per arpa : Caroline Lizotte K431 \u00a0Allegro (sol majeur) K32\u00a0Aria (sol mineur)\u00a0\u00a0\u00a0\u00a0 K14 \u00a0Presto (sol majeur) La sonate en sol est un regroupement de sonates cueillies parmi celles que Domenico Scarlatti a \u00e9crites pour clavecin, selon les num\u00e9ros de classement attribu\u00e9s [&hellip;]","og_url":"https:\/\/violet-otter-833665.hostingersite.com\/produit\/sonate-en-sol-k431-k32-k14\/","og_site_name":"Caroline","article_publisher":"https:\/\/www.facebook.com\/CarolineLizotteHarpist","og_image":[{"width":300,"height":300,"url":"http:\/\/violet-otter-833665.hostingersite.com\/wp-content\/uploads\/2018\/02\/Ascarlatti.jpg","type":"image\/jpeg"}],"twitter_card":"summary_large_image","twitter_misc":{"Est. reading time":"1 minute"},"schema":{"@context":"https:\/\/schema.org","@graph":[{"@type":"WebPage","@id":"https:\/\/violet-otter-833665.hostingersite.com\/produit\/sonate-en-sol-k431-k32-k14\/","url":"https:\/\/violet-otter-833665.hostingersite.com\/produit\/sonate-en-sol-k431-k32-k14\/","name":"Sonate en sol K431-K32-K14 - Caroline","isPartOf":{"@id":"https:\/\/violet-otter-833665.hostingersite.com\/en\/#website"},"primaryImageOfPage":{"@id":"https:\/\/violet-otter-833665.hostingersite.com\/produit\/sonate-en-sol-k431-k32-k14\/#primaryimage"},"image":{"@id":"https:\/\/violet-otter-833665.hostingersite.com\/produit\/sonate-en-sol-k431-k32-k14\/#primaryimage"},"thumbnailUrl":"https:\/\/calyane.com\/wp-content\/uploads\/2018\/02\/Ascarlatti.jpg","datePublished":"2018-02-06T20:51:43+00:00","breadcrumb":{"@id":"https:\/\/violet-otter-833665.hostingersite.com\/produit\/sonate-en-sol-k431-k32-k14\/#breadcrumb"},"inLanguage":"en-US","potentialAction":[{"@type":"ReadAction","target":["https:\/\/violet-otter-833665.hostingersite.com\/produit\/sonate-en-sol-k431-k32-k14\/"]}]},{"@type":"ImageObject","inLanguage":"en-US","@id":"https:\/\/violet-otter-833665.hostingersite.com\/produit\/sonate-en-sol-k431-k32-k14\/#primaryimage","url":"https:\/\/calyane.com\/wp-content\/uploads\/2018\/02\/Ascarlatti.jpg","contentUrl":"https:\/\/calyane.com\/wp-content\/uploads\/2018\/02\/Ascarlatti.jpg","width":300,"height":300},{"@type":"BreadcrumbList","@id":"https:\/\/violet-otter-833665.hostingersite.com\/produit\/sonate-en-sol-k431-k32-k14\/#breadcrumb","itemListElement":[{"@type":"ListItem","position":1,"name":"Accueil","item":"https:\/\/calyane.com\/en\/"},{"@type":"ListItem","position":2,"name":"Boutique en ligne","item":"https:\/\/violet-otter-833665.hostingersite.com\/boutique-en-ligne\/"},{"@type":"ListItem","position":3,"name":"Sonate en sol K431-K32-K14"}]},{"@type":"WebSite","@id":"https:\/\/violet-otter-833665.hostingersite.com\/en\/#website","url":"https:\/\/violet-otter-833665.hostingersite.com\/en\/","name":"Calyane","description":"Vive la harpe","publisher":{"@id":"https:\/\/violet-otter-833665.hostingersite.com\/en\/#organization"},"potentialAction":[{"@type":"SearchAction","target":{"@type":"EntryPoint","urlTemplate":"https:\/\/violet-otter-833665.hostingersite.com\/en\/?s={search_term_string}"},"query-input":{"@type":"PropertyValueSpecification","valueRequired":true,"valueName":"search_term_string"}}],"inLanguage":"en-US"},{"@type":"Organization","@id":"https:\/\/violet-otter-833665.hostingersite.com\/en\/#organization","name":"Caroline Lizotte","url":"https:\/\/violet-otter-833665.hostingersite.com\/en\/","logo":{"@type":"ImageObject","inLanguage":"en-US","@id":"https:\/\/violet-otter-833665.hostingersite.com\/en\/#\/schema\/logo\/image\/","url":"http:\/\/calyane.com\/wp-content\/uploads\/2023\/02\/logo-editions-calyane-2021_500px.jpg","contentUrl":"http:\/\/calyane.com\/wp-content\/uploads\/2023\/02\/logo-editions-calyane-2021_500px.jpg","width":500,"height":397,"caption":"Caroline Lizotte"},"image":{"@id":"https:\/\/violet-otter-833665.hostingersite.com\/en\/#\/schema\/logo\/image\/"},"sameAs":["https:\/\/www.facebook.com\/CarolineLizotteHarpist","https:\/\/www.instagram.com\/lizotte_caroline\/"]}]}},"brands":[{"id":61,"name":"Domenico Scarlatti","slug":"domenico-scarlatti"}],"_links":{"self":[{"href":"https:\/\/calyane.com\/en\/wp-json\/wp\/v2\/product\/436","targetHints":{"allow":["GET"]}}],"collection":[{"href":"https:\/\/calyane.com\/en\/wp-json\/wp\/v2\/product"}],"about":[{"href":"https:\/\/calyane.com\/en\/wp-json\/wp\/v2\/types\/product"}],"replies":[{"embeddable":true,"href":"https:\/\/calyane.com\/en\/wp-json\/wp\/v2\/comments?post=436"}],"wp:featuredmedia":[{"embeddable":true,"href":"https:\/\/calyane.com\/en\/wp-json\/wp\/v2\/media\/359"}],"wp:attachment":[{"href":"https:\/\/calyane.com\/en\/wp-json\/wp\/v2\/media?parent=436"}],"wp:term":[{"taxonomy":"pwb-brand","embeddable":true,"href":"https:\/\/calyane.com\/en\/wp-json\/wp\/v2\/pwb-brand?post=436"},{"taxonomy":"product_brand","embeddable":true,"href":"https:\/\/calyane.com\/en\/wp-json\/wp\/v2\/product_brand?post=436"},{"taxonomy":"product_cat","embeddable":true,"href":"https:\/\/calyane.com\/en\/wp-json\/wp\/v2\/product_cat?post=436"},{"taxonomy":"product_tag","embeddable":true,"href":"https:\/\/calyane.com\/en\/wp-json\/wp\/v2\/product_tag?post=436"}],"curies":[{"name":"wp","href":"https:\/\/api.w.org\/{rel}","templated":true}]}}